{"id":683,"date":"2021-11-29T13:44:02","date_gmt":"2021-11-29T12:44:02","guid":{"rendered":"https:\/\/staging.vizion.immo\/attractive-clients\/"},"modified":"2022-03-19T13:37:09","modified_gmt":"2022-03-19T12:37:09","slug":"beautiful-works","status":"publish","type":"page","link":"https:\/\/vizion.immo\/nl\/beautiful-works\/","title":{"rendered":"Beautiful Works"},"content":{"rendered":"\n<p>Voor infrastructuur, stedenbouw, commerci\u00eble, kantoor, residenti\u00eble of gemengde projecten.<\/p>\n\n<p>In Belgi\u00eb en in het buitenland vertrouwen vooraanstaande promotoren, bouwheren, ontwikkelaars, makelaars, aannemers, architecten, eigenaars, stedenbouwkundigen en agenten ons de creatie toe van visuals, animaties, weboplossingen en toepassingen die de 3D-technologie elke dag effici\u00ebnter maakt.<\/p>\n\n<p>Ontdek hier enkele van onze verwezenlijkingen en kom bij ons aankloppen, u zult verrast zijn!<\/p>\n\n<p><\/p>\n","protected":false},"excerpt":{"rendered":"<p>Voor infrastructuur, stedenbouw, commerci\u00eble, kantoor, residenti\u00eble of gemengde projecten. In Belgi\u00eb en in het buitenland vertrouwen vooraanstaande promotoren, bouwheren, ontwikkelaars, makelaars, aannemers, architecten, eigenaars, stedenbouwkundigen en agenten ons de creatie toe van visuals, animaties, weboplossingen en toepassingen die de 3D-technologie elke dag effici\u00ebnter maakt. Ontdek hier enkele van onze verwezenlijkingen en kom bij ons aankloppen, [&hellip;]<\/p>\n","protected":false},"author":1,"featured_media":0,"parent":0,"menu_order":5,"comment_status":"closed","ping_status":"closed","template":"template-attractiveclients.php","meta":{"footnotes":""},"class_list":["post-683","page","type-page","status-publish","hentry"],"acf":[],"_links":{"self":[{"href":"https:\/\/vizion.immo\/nl\/wp-json\/wp\/v2\/pages\/683","targetHints":{"allow":["GET"]}}],"collection":[{"href":"https:\/\/vizion.immo\/nl\/wp-json\/wp\/v2\/pages"}],"about":[{"href":"https:\/\/vizion.immo\/nl\/wp-json\/wp\/v2\/types\/page"}],"author":[{"embeddable":true,"href":"https:\/\/vizion.immo\/nl\/wp-json\/wp\/v2\/users\/1"}],"replies":[{"embeddable":true,"href":"https:\/\/vizion.immo\/nl\/wp-json\/wp\/v2\/comments?post=683"}],"version-history":[{"count":3,"href":"https:\/\/vizion.immo\/nl\/wp-json\/wp\/v2\/pages\/683\/revisions"}],"predecessor-version":[{"id":985,"href":"https:\/\/vizion.immo\/nl\/wp-json\/wp\/v2\/pages\/683\/revisions\/985"}],"wp:attachment":[{"href":"https:\/\/vizion.immo\/nl\/wp-json\/wp\/v2\/media?parent=683"}],"curies":[{"name":"wp","href":"https:\/\/api.w.org\/{rel}","templated":true}]}}